{"id":6,"date":"2021-05-02T09:06:30","date_gmt":"2021-05-02T07:06:30","guid":{"rendered":"https:\/\/www.tisseur.net\/zenfants\/?page_id=6"},"modified":"2024-08-12T11:39:24","modified_gmt":"2024-08-12T09:39:24","slug":"bienvenue","status":"publish","type":"page","link":"https:\/\/www.tisseur.net\/zenfants\/bienvenue\/","title":{"rendered":"Le festival"},"content":{"rendered":"\n<div class=\"wp-block-columns is-layout-flex wp-container-core-columns-is-layout-9d6595d7 wp-block-columns-is-layout-flex\">\n<div class=\"wp-block-column is-layout-flow wp-block-column-is-layout-flow\">\n<figure class=\"wp-block-image size-large is-style-default\"><img fetchpriority=\"high\" decoding=\"async\" width=\"544\" height=\"820\" src=\"https:\/\/www.tisseur.net\/zenfants\/wp-content\/uploads\/2021\/05\/entree-enfants_opt.jpeg\" alt=\"\" class=\"wp-image-7\" srcset=\"https:\/\/www.tisseur.net\/zenfants\/wp-content\/uploads\/2021\/05\/entree-enfants_opt.jpeg 544w, https:\/\/www.tisseur.net\/zenfants\/wp-content\/uploads\/2021\/05\/entree-enfants_opt-199x300.jpeg 199w\" sizes=\"(max-width: 544px) 100vw, 544px\" \/><\/figure>\n<\/div>\n\n\n\n<div class=\"wp-block-column is-layout-flow wp-block-column-is-layout-flow\">\n<figure class=\"wp-block-image size-large\"><img decoding=\"async\" width=\"680\" height=\"1024\" src=\"https:\/\/www.tisseur.net\/zenfants\/wp-content\/uploads\/2021\/05\/2011-071-680x1024.jpg\" alt=\"\" class=\"wp-image-10\" srcset=\"https:\/\/www.tisseur.net\/zenfants\/wp-content\/uploads\/2021\/05\/2011-071-680x1024.jpg 680w, https:\/\/www.tisseur.net\/zenfants\/wp-content\/uploads\/2021\/05\/2011-071-199x300.jpg 199w, https:\/\/www.tisseur.net\/zenfants\/wp-content\/uploads\/2021\/05\/2011-071-768x1157.jpg 768w, https:\/\/www.tisseur.net\/zenfants\/wp-content\/uploads\/2021\/05\/2011-071-1020x1536.jpg 1020w, https:\/\/www.tisseur.net\/zenfants\/wp-content\/uploads\/2021\/05\/2011-071.jpg 1360w\" sizes=\"(max-width: 680px) 100vw, 680px\" \/><\/figure>\n<\/div>\n<\/div>\n\n\n\n<div class=\"wp-block-columns is-layout-flex wp-container-core-columns-is-layout-9d6595d7 wp-block-columns-is-layout-flex\">\n<div class=\"wp-block-column is-layout-flow wp-block-column-is-layout-flow\"><\/div>\n\n\n\n<div class=\"wp-block-column is-layout-flow wp-block-column-is-layout-flow\"><\/div>\n<\/div>\n\n\n\n<p class=\"has-drop-cap\">Le festival \u00ab\u00a0Les Z\u2019enfants d\u2019abord\u00a0\u00bb est n\u00e9 en septembre 2009 \u00e0 Monoblet .<br>Port\u00e9 depuis le d\u00e9but par la compagnie \u00c9pices et Parfums, le festival s\u2019est ensuite consid\u00e9rablement d\u00e9velopp\u00e9. Il est financ\u00e9 depuis huit ans par la Communaut\u00e9 de Communes Pi\u00e9mont C\u00e9venol et organis\u00e9 en collaboration avec elle.<br>L\u2019id\u00e9e directrice de ce festival est d\u2019apporter des spectacles de qualit\u00e9 au plus pr\u00e8s des enfants et de leurs parents. En lien avec les \u00e9tablissements scolaires, il est donc pr\u00e9sent dans les salles des villes et des villages,\u00a0 pr\u00e9f\u00e9rant approcher le spectacle que de d\u00e9placer le public.<br>Des s\u00e9ances familiales sont organis\u00e9es \u00e0 des horaires non-scolaires. La gratuit\u00e9 a \u00e9t\u00e9 d\u00e9cid\u00e9e par la communaut\u00e9 de communes pour tous les spectacles du festival.<\/p>\n","protected":false},"excerpt":{"rendered":"<p>Le festival \u00ab\u00a0Les Z\u2019enfants d\u2019abord\u00a0\u00bb est n\u00e9 en septembre 2009 \u00e0 Monoblet .Port\u00e9 depuis le d\u00e9but par la compagnie \u00c9pices et Parfums, le festival s\u2019est ensuite consid\u00e9rablement d\u00e9velopp\u00e9. Il est financ\u00e9 depuis huit ans par la Communaut\u00e9 de Communes Pi\u00e9mont C\u00e9venol et organis\u00e9 en collaboration avec elle.L\u2019id\u00e9e directrice de ce festival est d\u2019apporter des spectacles &#8230; <a title=\"Le festival\" class=\"read-more\" href=\"https:\/\/www.tisseur.net\/zenfants\/bienvenue\/\" aria-label=\"En savoir plus sur Le festival\">Lire plus<\/a><\/p>\n","protected":false},"author":1,"featured_media":0,"parent":0,"menu_order":0,"comment_status":"closed","ping_status":"closed","template":"","meta":{"footnotes":""},"class_list":["post-6","page","type-page","status-publish"],"_links":{"self":[{"href":"https:\/\/www.tisseur.net\/zenfants\/wp-json\/wp\/v2\/pages\/6","targetHints":{"allow":["GET"]}}],"collection":[{"href":"https:\/\/www.tisseur.net\/zenfants\/wp-json\/wp\/v2\/pages"}],"about":[{"href":"https:\/\/www.tisseur.net\/zenfants\/wp-json\/wp\/v2\/types\/page"}],"author":[{"embeddable":true,"href":"https:\/\/www.tisseur.net\/zenfants\/wp-json\/wp\/v2\/users\/1"}],"replies":[{"embeddable":true,"href":"https:\/\/www.tisseur.net\/zenfants\/wp-json\/wp\/v2\/comments?post=6"}],"version-history":[{"count":10,"href":"https:\/\/www.tisseur.net\/zenfants\/wp-json\/wp\/v2\/pages\/6\/revisions"}],"predecessor-version":[{"id":772,"href":"https:\/\/www.tisseur.net\/zenfants\/wp-json\/wp\/v2\/pages\/6\/revisions\/772"}],"wp:attachment":[{"href":"https:\/\/www.tisseur.net\/zenfants\/wp-json\/wp\/v2\/media?parent=6"}],"curies":[{"name":"wp","href":"https:\/\/api.w.org\/{rel}","templated":true}]}}